{"id":1608,"date":"2024-11-19T15:27:30","date_gmt":"2024-11-19T15:27:30","guid":{"rendered":"https:\/\/casa-da-avenida.pt\/politica-de-cookies\/"},"modified":"2024-11-19T15:27:30","modified_gmt":"2024-11-19T15:27:30","slug":"politica-de-cookies","status":"publish","type":"page","link":"https:\/\/casa-da-avenida.pt\/es\/politica-de-cookies\/","title":{"rendered":"Pol\u00edtica de cookies"},"content":{"rendered":"<div class=\"fusion-fullwidth fullwidth-box fusion-builder-row-1 fusion-flex-container nonhundred-percent-fullwidth non-hundred-percent-height-scrolling\" style=\"--awb-border-radius-top-left:0px;--awb-border-radius-top-right:0px;--awb-border-radius-bottom-right:0px;--awb-border-radius-bottom-left:0px;--awb-flex-wrap:wrap;\" ><div class=\"fusion-builder-row fusion-row fusion-flex-align-items-flex-start fusion-flex-content-wrap\" style=\"max-width:1144px;margin-left: calc(-4% \/ 2 );margin-right: calc(-4% \/ 2 );\"><div class=\"fusion-layout-column fusion_builder_column fusion-builder-column-0 fusion_builder_column_1_1 1_1 fusion-flex-column\" style=\"--awb-bg-size:cover;--awb-width-large:100%;--awb-margin-top-large:0px;--awb-spacing-right-large:1.92%;--awb-margin-bottom-large:20px;--awb-spacing-left-large:1.92%;--awb-width-medium:100%;--awb-order-medium:0;--awb-spacing-right-medium:1.92%;--awb-spacing-left-medium:1.92%;--awb-width-small:100%;--awb-order-small:0;--awb-spacing-right-small:1.92%;--awb-spacing-left-small:1.92%;\"><div class=\"fusion-column-wrapper fusion-column-has-shadow fusion-flex-justify-content-flex-start fusion-content-layout-column\"><div class=\"fusion-text fusion-text-1\"><h1 style=\"text-align: center;\">Pol\u00edtica de cookies<\/h1>\n<\/div><div class=\"fusion-text fusion-text-2\"><h3 style=\"text-align: center;\"><span style=\"color: #f9af18;\">Pol\u00edtica de cookies de la Casa da Avenida Lisboa<\/span><\/h3>\n<p style=\"text-align: center;\">Esta Pol\u00edtica de Cookies explica c\u00f3mo <a href=\"http:\/\/www.casa-da-avenida.pt\/\">www.casa-da-avenida.pt<\/a> (en adelante \u00abnosotros\u00bb, \u00abnos\u00bb, \u00abnuestro\u00bb o \u00absitio web\u00bb) utiliza las cookies y tecnolog\u00edas similares para mejorar la experiencia del usuario. Al utilizar nuestro sitio web, usted acepta el uso de cookies como se describe en esta pol\u00edtica.<\/p>\n<h3 style=\"text-align: center;\"><span style=\"color: #f9af18;\">\u00bfQu\u00e9 son las cookies?<\/span><\/h3>\n<p style=\"text-align: center;\">Las cookies son peque\u00f1os archivos de texto que se almacenan en su dispositivo (ordenador, smartphone, tableta) cuando visita un sitio web. Se utilizan ampliamente para hacer que los sitios web funcionen de manera m\u00e1s eficiente, as\u00ed como para proporcionar informaci\u00f3n a los propietarios de sitios web.<\/p>\n<h3 style=\"text-align: center;\"><span style=\"color: #f9af18;\">\u00bfC\u00f3mo utilizamos las cookies?<\/span><\/h3>\n<p style=\"text-align: center;\">Utilizamos cookies con varios fines, entre ellos:<\/p>\n<ol style=\"text-align: center;\">\n<li><span style=\"color: #f9af18;\">Cookies esenciales:<\/span> Estas cookies son necesarias para el funcionamiento de nuestro sitio web y le permiten navegar y utilizar las funciones del sitio web. Sin estas cookies, no se pueden prestar los servicios que ha solicitado.<\/li>\n<li><span style=\"color: #f9af18;\">Cookies de rendimiento:<\/span>Estas cookies nos ayudan a entender c\u00f3mo los visitantes interact\u00faan con nuestro sitio web, proporcionando informaci\u00f3n sobre las \u00e1reas visitadas, el tiempo de permanencia en el sitio y los problemas encontrados, tales como mensajes de error.<\/li>\n<li><span style=\"color: #f9af18;\">Cookies de funcionalidad:<\/span> Estas cookies permiten a nuestro sitio web recordar las elecciones que usted hace (como su nombre de usuario, idioma o regi\u00f3n) y ofrecer funciones mejoradas y m\u00e1s personales.<\/li>\n<li><span style=\"color: #f9af18;\">Cookies publicitarias: <\/span> Utilizamos cookies para hacer la publicidad m\u00e1s atractiva para los usuarios y m\u00e1s valiosa para los anunciantes. Se utilizan para seleccionar anuncios basados en lo que es relevante para un usuario, mejorar los informes de rendimiento de las campa\u00f1as y evitar mostrar anuncios que el usuario ya ha visto.<\/li>\n<\/ol>\n<h3 style=\"text-align: center;\"><span style=\"color: #f9af18;\">\u00bfC\u00f3mo puedo gestionar las cookies?<\/span><\/h3>\n<p style=\"text-align: center;\">Puede controlar y\/o eliminar las cookies como desee. La mayor\u00eda de los navegadores le permiten rechazar o aceptar cookies. Consulte las instrucciones de su navegador para obtener m\u00e1s informaci\u00f3n sobre c\u00f3mo ajustar o modificar la configuraci\u00f3n de las cookies.<\/p>\n<p style=\"text-align: center;\"><b>Nota:<\/b> Si decide desactivar las cookies, es posible que no pueda acceder a algunas partes de nuestro sitio web o que \u00e9stas no funcionen correctamente.<\/p>\n<h3 style=\"text-align: center;\"><span style=\"color: #f9af18;\">Cambios en esta pol\u00edtica de cookies<\/span><\/h3>\n<p style=\"text-align: center;\">Podemos actualizar esta pol\u00edtica de cookies de vez en cuando para reflejar, por ejemplo, los cambios en las cookies que utilizamos o por otras razones operativas, legales o reglamentarias. Por lo tanto, visite esta Pol\u00edtica de cookies con regularidad para mantenerse informado sobre nuestro uso de cookies y tecnolog\u00edas relacionadas.<\/p>\n<h3 style=\"text-align: center;\"><span style=\"color: #f9af18;\">P\u00f3ngase en contacto con nosotros<\/span><\/h3>\n<p style=\"text-align: center;\">Si tiene alguna pregunta sobre nuestro uso de cookies u otras tecnolog\u00edas, p\u00f3ngase en contacto con nosotros en <a href=\"mailto:e-mail%3Ainfo@casa-da-avenida.pt\">e-mail:info@casa-da-avenida.pt<\/a><\/p>\n<\/div><\/div><\/div><\/div><\/div>\n","protected":false},"excerpt":{"rendered":"","protected":false},"author":1,"featured_media":0,"parent":0,"menu_order":0,"comment_status":"closed","ping_status":"closed","template":"","meta":{"footnotes":""},"class_list":["post-1608","page","type-page","status-publish","hentry"],"_links":{"self":[{"href":"https:\/\/casa-da-avenida.pt\/es\/wp-json\/wp\/v2\/pages\/1608","targetHints":{"allow":["GET"]}}],"collection":[{"href":"https:\/\/casa-da-avenida.pt\/es\/wp-json\/wp\/v2\/pages"}],"about":[{"href":"https:\/\/casa-da-avenida.pt\/es\/wp-json\/wp\/v2\/types\/page"}],"author":[{"embeddable":true,"href":"https:\/\/casa-da-avenida.pt\/es\/wp-json\/wp\/v2\/users\/1"}],"replies":[{"embeddable":true,"href":"https:\/\/casa-da-avenida.pt\/es\/wp-json\/wp\/v2\/comments?post=1608"}],"version-history":[{"count":0,"href":"https:\/\/casa-da-avenida.pt\/es\/wp-json\/wp\/v2\/pages\/1608\/revisions"}],"wp:attachment":[{"href":"https:\/\/casa-da-avenida.pt\/es\/wp-json\/wp\/v2\/media?parent=1608"}],"curies":[{"name":"wp","href":"https:\/\/api.w.org\/{rel}","templated":true}]}}